{"id":1615,"date":"2019-05-16T19:31:14","date_gmt":"2019-05-16T17:31:14","guid":{"rendered":"http:\/\/backstage360.eu\/?page_id=1615"},"modified":"2025-11-25T15:21:37","modified_gmt":"2025-11-25T14:21:37","slug":"accueil","status":"publish","type":"page","link":"https:\/\/backstage360.eu\/index.php\/accueil\/","title":{"rendered":"Accueil"},"content":{"rendered":"<!--themify_builder_content-->\n<div id=\"themify_builder_content-1615\" data-postid=\"1615\" class=\"themify_builder_content themify_builder_content-1615 themify_builder tf_clear\">\n                    <div  data-css_id=\"1917a91\" data-lazy=\"1\" class=\"module_row themify_builder_row fullwidth_row_container tb_1917a91 tb_first tf_w\" data-tbfullwidthvideo=\"https:\/\/backstage360.eu\/wp-content\/uploads\/Video\/WP%20-%20Images%20Animation.mp4\">\n            <span  class=\"builder_row_cover tf_abs\" data-lazy=\"1\"><\/span>            <div class=\"row_inner col_align_top tb_col_count_1 tf_box tf_rel\">\n                        <div  data-lazy=\"1\" class=\"module_column tb-column col-full tb_6107621 first\">\n        <span  class=\"builder_row_cover tf_abs\" data-lazy=\"1\"><\/span>            <!-- module typewriter -->\n<div  id=\"tb_8433eec\" class=\"module module-typewriter tb_8433eec \" data-lazy=\"1\">\n\t\t\n\t\t\t<h3 class=\"typewriter-main-tag\">\n\t\t<span class=\"typewritter-text-before\">Bienvenue, <\/span>\n\t\t<span class=\"typewriter-span\" \n\t\t\t  data-typer-targets='[&quot;nous sommes votre&quot;]'\n\t\t\t  data-typer-highlight-speed=\"100\"\n\t\t\t  data-typer-type-speed=\"90\"\n\t\t\t  data-typer-clear-delay=\"1\"\n\t\t\t  data-typer-type-delay=\"2\"\n\t\t\t  data-typer-interval=\"1\"\n\t\t\t  data-typer-direction=\"ltr\">\n\t\t\t\t  nous sommes votre\t\t<\/span>\n\t\t<span class=\"typewritter-text-after\"> Partenaire.<\/span>\n\t\t<\/h3>\n\t\t<\/div>\n<!-- \/module typewriter -->\n        <\/div>\n                        <\/div>\n        <\/div>\n                        <div  data-lazy=\"1\" class=\"module_row themify_builder_row tb_f3086e5 tf_w\">\n                        <div class=\"row_inner col_align_top tb_col_count_2 tf_box tf_rel\">\n                        <div  data-lazy=\"1\" class=\"module_column tb-column col4-2 tb_de6f9a9 first\">\n                    <!-- module feature -->\n<div  class=\"module module-feature tb_ce5c816 with-chart layout-icon-top size-medium  hover-wow wow\" data-tf-animation_hover=\"pulse\" data-tf-animation=\"zoomIn\" data-layout-mobile=\"icon-top\" data-layout-desktop=\"icon-top\" data-lazy=\"1\">\n        <div class=\"module-feature-image tf_textc tf_rel\">\n                            <a href=\"https:\/\/backstage360.eu\/index.php\/demo\/#Post-Prod\">\n                        <span class=\"module-feature-chart-html5 tf_box tf_rel tf_inline_b\">\n                                    <svg class=\"tf_abs tf_w tf_h\">\n                    <circle class=\"tb_feature_fill\" r=\"calc(50% - 1.00px)\" cx=\"50%\" cy=\"50%\" stroke-width=\"2\"\/>\n                    <circle class=\"tb_feature_stroke\" r=\"calc(50% - 1.00px)\" cx=\"50%\" cy=\"50%\" stroke=\"#9090f9\" stroke-width=\"2\" data-progress=\"100\" stroke-dasharray=\"0,10000\"\/>\n                                        <\/svg>\n                                <span class=\"chart-html5-circle tf_w tf_h\">\n                                            <em class=\"module-feature-icon tf_rel\" style=\"color:#fc3311\"><svg  class=\"tf_fa tf-fas-film\" xmlns:xlink=\"http:\/\/www.w3.org\/1999\/xlink\" aria-hidden=\"true\"><use href=\"#tf-fas-film\" xlink:href=\"#tf-fas-film\"><\/use><\/svg><\/em>\n                                    <\/span>\n\n                \n            <\/span>\n                        <\/a>\n            <\/div>\n    <div class=\"module-feature-content tf_textc\">\n                <div class=\"tb_text_wrap\">\n            <h6>\u00a0<\/h6>\n<h4><img loading=\"lazy\" decoding=\"async\" class=\"wp-image-3050 aligncenter\" src=\"https:\/\/backstage360.eu\/wp-content\/uploads\/NEW-13.png\" alt=\"\" width=\"58\" height=\"25\" \/><\/h4>\n<h4><strong>Bruitages et Postproduction<\/strong><\/h4>        <\/div>\n    <\/div>\n<\/div>\n<!-- \/module feature -->\n<!-- module feature -->\n<div  class=\"module module-feature tb_1sfk667 with-chart layout-icon-top size-medium  hover-wow wow\" data-tf-animation_hover=\"pulse\" data-tf-animation=\"zoomIn\" data-layout-mobile=\"icon-top\" data-layout-desktop=\"icon-top\" data-lazy=\"1\">\n        <div class=\"module-feature-image tf_textc tf_rel\">\n                            <a href=\"https:\/\/backstage360.eu\/index.php\/demo\/#Repair\">\n                        <span class=\"module-feature-chart-html5 tf_box tf_rel tf_inline_b\">\n                                    <svg class=\"tf_abs tf_w tf_h\">\n                    <circle class=\"tb_feature_fill\" r=\"calc(50% - 1.00px)\" cx=\"50%\" cy=\"50%\" stroke-width=\"2\"\/>\n                    <circle class=\"tb_feature_stroke\" r=\"calc(50% - 1.00px)\" cx=\"50%\" cy=\"50%\" stroke=\"#9090f9\" stroke-width=\"2\" data-progress=\"100\" stroke-dasharray=\"0,10000\"\/>\n                                        <\/svg>\n                                <span class=\"chart-html5-circle tf_w tf_h\">\n                                            <em class=\"module-feature-icon tf_rel\" style=\"color:#fc3311\"><svg  class=\"tf_fa tf-ti-support\" xmlns:xlink=\"http:\/\/www.w3.org\/1999\/xlink\" aria-hidden=\"true\"><use href=\"#tf-ti-support\" xlink:href=\"#tf-ti-support\"><\/use><\/svg><\/em>\n                                    <\/span>\n\n                \n            <\/span>\n                        <\/a>\n            <\/div>\n    <div class=\"module-feature-content tf_textc\">\n                <div class=\"tb_text_wrap\">\n            <h6>\u00a0<\/h6>\n<h4><img loading=\"lazy\" decoding=\"async\" class=\"wp-image-3050 aligncenter\" src=\"https:\/\/backstage360.eu\/wp-content\/uploads\/NEW-13.png\" alt=\"\" width=\"58\" height=\"25\" \/><\/h4>\n<h4><strong>Restauration et Re-Mastering<\/strong><\/h4>        <\/div>\n    <\/div>\n<\/div>\n<!-- \/module feature -->\n<!-- module feature -->\n<div  class=\"module module-feature tb_98368c7 with-chart layout-icon-top size-medium  hover-wow wow\" data-tf-animation_hover=\"pulse\" data-tf-animation=\"zoomIn\" data-layout-mobile=\"icon-top\" data-layout-desktop=\"icon-top\" data-lazy=\"1\">\n        <div class=\"module-feature-image tf_textc tf_rel\">\n                            <a href=\"https:\/\/backstage360.eu\/index.php\/demo\/#VT360\">\n                        <span class=\"module-feature-chart-html5 tf_box tf_rel tf_inline_b\">\n                                    <svg class=\"tf_abs tf_w tf_h\">\n                    <circle class=\"tb_feature_fill\" r=\"calc(50% - 1.00px)\" cx=\"50%\" cy=\"50%\" stroke-width=\"2\"\/>\n                    <circle class=\"tb_feature_stroke\" r=\"calc(50% - 1.00px)\" cx=\"50%\" cy=\"50%\" stroke=\"#9090f9\" stroke-width=\"2\" data-progress=\"100\" stroke-dasharray=\"0,10000\"\/>\n                                        <\/svg>\n                                <span class=\"chart-html5-circle tf_w tf_h\">\n                                            <em class=\"module-feature-icon tf_rel\" style=\"color:#fc3311\"><svg  class=\"tf_fa tf-fas-spinner\" xmlns:xlink=\"http:\/\/www.w3.org\/1999\/xlink\" aria-hidden=\"true\"><use href=\"#tf-fas-spinner\" xlink:href=\"#tf-fas-spinner\"><\/use><\/svg><\/em>\n                                    <\/span>\n\n                \n            <\/span>\n                        <\/a>\n            <\/div>\n    <div class=\"module-feature-content tf_textc\">\n                <div class=\"tb_text_wrap\">\n            <h6>\u00a0<\/h6>\n<h4><img loading=\"lazy\" decoding=\"async\" class=\"wp-image-3050 aligncenter\" src=\"https:\/\/backstage360.eu\/wp-content\/uploads\/NEW-13.png\" alt=\"\" width=\"58\" height=\"25\" \/><\/h4>\n<h4><strong>Visite Virtuelle 360\u00b0 &#8211; Photogramm\u00e9trie<\/strong><\/h4>        <\/div>\n    <\/div>\n<\/div>\n<!-- \/module feature -->\n        <\/div>\n                    <div  data-lazy=\"1\" class=\"module_column tb-column col4-2 tb_5927afc last\">\n                    <!-- module feature -->\n<div  class=\"module module-feature tb_d402ac3 with-chart layout-icon-top size-medium  hover-wow wow\" data-tf-animation_hover=\"pulse\" data-tf-animation=\"zoomIn\" data-layout-mobile=\"icon-top\" data-layout-desktop=\"icon-top\" data-lazy=\"1\">\n        <div class=\"module-feature-image tf_textc tf_rel\">\n                            <a href=\"https:\/\/backstage360.eu\/index.php\/demo\/#Event-Conf\">\n                        <span class=\"module-feature-chart-html5 tf_box tf_rel tf_inline_b\">\n                                    <svg class=\"tf_abs tf_w tf_h\">\n                    <circle class=\"tb_feature_fill\" r=\"calc(50% - 1.00px)\" cx=\"50%\" cy=\"50%\" stroke-width=\"2\"\/>\n                    <circle class=\"tb_feature_stroke\" r=\"calc(50% - 1.00px)\" cx=\"50%\" cy=\"50%\" stroke=\"#9090f9\" stroke-width=\"2\" data-progress=\"100\" stroke-dasharray=\"0,10000\"\/>\n                                        <\/svg>\n                                <span class=\"chart-html5-circle tf_w tf_h\">\n                                            <em class=\"module-feature-icon tf_rel\" style=\"color:#fc3311\"><svg  class=\"tf_fa tf-fas-video-camera\" xmlns:xlink=\"http:\/\/www.w3.org\/1999\/xlink\" aria-hidden=\"true\"><use href=\"#tf-fas-video-camera\" xlink:href=\"#tf-fas-video-camera\"><\/use><\/svg><\/em>\n                                    <\/span>\n\n                \n            <\/span>\n                        <\/a>\n            <\/div>\n    <div class=\"module-feature-content tf_textc\">\n                <div class=\"tb_text_wrap\">\n            <h6>\u00a0<\/h6>\n<h4>\u00a0<\/h4>\n<h4><strong>Conf\u00e9rences et \u00c9v\u00e8nementiels<\/strong><\/h4>        <\/div>\n    <\/div>\n<\/div>\n<!-- \/module feature -->\n<!-- module feature -->\n<div  class=\"module module-feature tb_i0dg197 with-chart layout-icon-top size-medium  hover-wow wow\" data-tf-animation_hover=\"pulse\" data-tf-animation=\"zoomIn\" data-layout-mobile=\"icon-top\" data-layout-desktop=\"icon-top\" data-lazy=\"1\">\n        <div class=\"module-feature-image tf_textc tf_rel\">\n                            <a href=\"https:\/\/backstage360.eu\/index.php\/demo\/#Digital_Signage\">\n                        <span class=\"module-feature-chart-html5 tf_box tf_rel tf_inline_b\">\n                                    <svg class=\"tf_abs tf_w tf_h\">\n                    <circle class=\"tb_feature_fill\" r=\"calc(50% - 1.00px)\" cx=\"50%\" cy=\"50%\" stroke-width=\"2\"\/>\n                    <circle class=\"tb_feature_stroke\" r=\"calc(50% - 1.00px)\" cx=\"50%\" cy=\"50%\" stroke=\"#9090f9\" stroke-width=\"2\" data-progress=\"100\" stroke-dasharray=\"0,10000\"\/>\n                                        <\/svg>\n                                <span class=\"chart-html5-circle tf_w tf_h\">\n                                            <em class=\"module-feature-icon tf_rel\" style=\"color:#fc3311\"><svg  class=\"tf_fa tf-far-object-group\" xmlns:xlink=\"http:\/\/www.w3.org\/1999\/xlink\" aria-hidden=\"true\"><use href=\"#tf-far-object-group\" xlink:href=\"#tf-far-object-group\"><\/use><\/svg><\/em>\n                                    <\/span>\n\n                \n            <\/span>\n                        <\/a>\n            <\/div>\n    <div class=\"module-feature-content tf_textc\">\n                <div class=\"tb_text_wrap\">\n            <h6>\u00a0<\/h6>\n<h4>\u00a0<\/h4>\n<h4><strong>Motion Design et Digital Signage<\/strong><\/h4>        <\/div>\n    <\/div>\n<\/div>\n<!-- \/module feature -->\n<!-- module feature -->\n<div  class=\"module module-feature tb_1wwg033 with-chart layout-icon-top size-medium  hover-wow wow\" data-tf-animation_hover=\"pulse\" data-tf-animation=\"zoomIn\" data-layout-mobile=\"icon-top\" data-layout-desktop=\"icon-top\" data-lazy=\"1\">\n        <div class=\"module-feature-image tf_textc tf_rel\">\n                            <a href=\"https:\/\/backstage360.eu\/index.php\/demo\/#Digital_Signage\">\n                        <span class=\"module-feature-chart-html5 tf_box tf_rel tf_inline_b\">\n                                    <svg class=\"tf_abs tf_w tf_h\">\n                    <circle class=\"tb_feature_fill\" r=\"calc(50% - 1.00px)\" cx=\"50%\" cy=\"50%\" stroke-width=\"2\"\/>\n                    <circle class=\"tb_feature_stroke\" r=\"calc(50% - 1.00px)\" cx=\"50%\" cy=\"50%\" stroke=\"#9090f9\" stroke-width=\"2\" data-progress=\"100\" stroke-dasharray=\"0,10000\"\/>\n                                        <\/svg>\n                                <span class=\"chart-html5-circle tf_w tf_h\">\n                                            <em class=\"module-feature-icon tf_rel\" style=\"color:#fc3311\"><svg  class=\"tf_fa tf-fas-bezier-curve\" xmlns:xlink=\"http:\/\/www.w3.org\/1999\/xlink\" aria-hidden=\"true\"><use href=\"#tf-fas-bezier-curve\" xlink:href=\"#tf-fas-bezier-curve\"><\/use><\/svg><\/em>\n                                    <\/span>\n\n                \n            <\/span>\n                        <\/a>\n            <\/div>\n    <div class=\"module-feature-content tf_textc\">\n                <div class=\"tb_text_wrap\">\n            <h6>\u00a0<\/h6>\n<h4>\u00a0<\/h4>\n<h4><strong>Drone Capture<\/strong><\/h4>        <\/div>\n    <\/div>\n<\/div>\n<!-- \/module feature -->\n        <\/div>\n                        <\/div>\n        <\/div>\n                        <div  data-lazy=\"1\" class=\"module_row themify_builder_row tb_35f42f9 tf_w\">\n                        <div class=\"row_inner col_align_middle gutter-narrow tb_col_count_2 tf_box tf_rel\">\n                        <div  data-lazy=\"1\" class=\"module_column tb-column col3-1 tb_8136d6d first\">\n                    <!-- module text -->\n<div  class=\"module module-text tb_951c605    wow\" data-tf-animation=\"slideInLeft\" data-lazy=\"1\">\n        <div  class=\"tb_text_wrap\">\n        <h3>Fournisseur de Services Digital 360\u00b0<\/h3>    <\/div>\n<\/div>\n<!-- \/module text -->        <\/div>\n                    <div  data-lazy=\"1\" class=\"module_column tb-column col3-2 tb_1d03875 last\">\n                    <!-- module text -->\n<div  class=\"module module-text tb_af3f743    wow\" data-tf-animation=\"slideInRight\" data-lazy=\"1\">\n        <div  class=\"tb_text_wrap\">\n        <p><strong>\u2192 Bruitage, colorisation et restauration.<\/strong><\/p>\n<p><strong>\u2192 Postproduction Audiovisuelle, Capture et publie LIVE vos \u00e9v\u00e8nements, <\/strong><\/p>\n<p><strong>\u2192 Visite Virtuelle 360\u00b0.<br \/><\/strong><\/p>\n<p><strong>Nous restons \u00e0 vos c\u00f4t\u00e9s, fournissant de bout en bout, un support technique \u00e0 360\u00b0 dans la r\u00e9alisation vos projets num\u00e9riques.<\/strong><\/p>\n<p>\u00a0<\/p>\n<p><strong>\u00a0<\/strong><\/p>    <\/div>\n<\/div>\n<!-- \/module text -->        <\/div>\n                        <\/div>\n        <\/div>\n                        <div  data-lazy=\"1\" class=\"module_row themify_builder_row tb_bfkd403 tf_w\">\n                        <div class=\"row_inner col_align_top tb_col_count_1 tf_box tf_rel\">\n                        <div  data-lazy=\"1\" class=\"module_column tb-column col-full tb_qfb8407 first\">\n                    <!-- module text -->\n<div  class=\"module module-text tb_23ui409   \" data-lazy=\"1\">\n        <div  class=\"tb_text_wrap\">\n            <\/div>\n<\/div>\n<!-- \/module text -->        <div  data-lazy=\"1\" class=\"module_subrow themify_builder_sub_row tf_w col_align_top tb_col_count_5 tb_odlj412\">\n                <div  data-lazy=\"1\" class=\"module_column sub_column col5-1 tb_2gzz414 first\">\n                            <\/div>\n                    <div  data-lazy=\"1\" class=\"module_column sub_column col5-1 tb_vqhc416\">\n                            <\/div>\n                    <div  data-lazy=\"1\" class=\"module_column sub_column col5-1 tb_r32q417\">\n                            <\/div>\n                    <div  data-lazy=\"1\" class=\"module_column sub_column col5-1 tb_3l4e419\">\n                            <\/div>\n                    <div  data-lazy=\"1\" class=\"module_column sub_column col5-1 tb_4bdw420 last\">\n                            <\/div>\n                    <\/div>\n                <\/div>\n                        <\/div>\n        <\/div>\n                        <div  data-lazy=\"1\" class=\"module_row themify_builder_row tb_62556db tf_w\">\n                        <div class=\"row_inner col_align_top tb_col_count_1 tf_box tf_rel\">\n                        <div  data-lazy=\"1\" class=\"module_column tb-column col-full tb_aec59fc first\">\n                    <!-- module text -->\n<div  class=\"module module-text tb_62fb7bb tf_contact-details  \" data-lazy=\"1\">\n        <div  class=\"tb_text_wrap\">\n        <h3 style=\"text-align: left;\">\u00a0Zone d&#8217;activit\u00e9:<\/h3>\n<p>\u00a0France &#8211; Belgique &#8211; US<\/p>\n<hr \/>\n<h6 style=\"text-align: left;\">\u00a0Mise \u00e0 jour: 25-11-2025<\/h6>    <\/div>\n<\/div>\n<!-- \/module text -->        <\/div>\n                        <\/div>\n        <\/div>\n        <\/div>\n<!--\/themify_builder_content-->","protected":false},"excerpt":{"rendered":"<p>Bienvenue, nous sommes votre Partenaire. \u00a0 Bruitages et Postproduction \u00a0 Restauration et Re-Mastering \u00a0 Visite Virtuelle 360\u00b0 &#8211; Photogramm\u00e9trie \u00a0 \u00a0 Conf\u00e9rences et \u00c9v\u00e8nementiels \u00a0 \u00a0 Motion Design et Digital Signage \u00a0 \u00a0 Drone Capture Fournisseur de Services Digital 360\u00b0 \u2192 Bruitage, colorisation et restauration. \u2192 Postproduction Audiovisuelle, Capture et publie LIVE vos \u00e9v\u00e8nements, \u2192 [&hellip;]<\/p>\n","protected":false},"author":1,"featured_media":0,"parent":0,"menu_order":0,"comment_status":"closed","ping_status":"closed","template":"","meta":{"footnotes":""},"class_list":["post-1615","page","type-page","status-publish","hentry","has-post-title","has-post-date","has-post-category","has-post-tag","has-post-comment","has-post-author",""],"aioseo_notices":[],"builder_content":"<h3> Bienvenue, nous sommes votre Partenaire. <\/h3>\n<a href=\"https:\/\/backstage360.eu\/index.php\/demo\/#Post-Prod\"> <svg> <circle r=\"calc(50% - 1.00px)\" cx=\"50%\" cy=\"50%\" stroke-width=\"2\"\/> <circle r=\"calc(50% - 1.00px)\" cx=\"50%\" cy=\"50%\" stroke=\"#9090f9\" stroke-width=\"2\" data-progress=\"100\" stroke-dasharray=\"0,10000\"\/> <\/svg> <em style=\"color:#fc3311\"><svg xmlns:xlink=\"http:\/\/www.w3.org\/1999\/xlink\" aria-hidden=\"true\"><use href=\"#tf-fas-film\" xlink:href=\"#tf-fas-film\"><\/use><\/svg><\/em> \n <\/a> <h6>\u00a0<\/h6> <h4><img loading=\"lazy\" src=\"https:\/\/backstage360.eu\/wp-content\/uploads\/NEW-13.png\" alt=\"\" width=\"58\" height=\"25\" \/><\/h4> <h4><strong>Bruitages et Postproduction<\/strong><\/h4>\n<a href=\"https:\/\/backstage360.eu\/index.php\/demo\/#Repair\"> <svg> <circle r=\"calc(50% - 1.00px)\" cx=\"50%\" cy=\"50%\" stroke-width=\"2\"\/> <circle r=\"calc(50% - 1.00px)\" cx=\"50%\" cy=\"50%\" stroke=\"#9090f9\" stroke-width=\"2\" data-progress=\"100\" stroke-dasharray=\"0,10000\"\/> <\/svg> <em style=\"color:#fc3311\"><svg xmlns:xlink=\"http:\/\/www.w3.org\/1999\/xlink\" aria-hidden=\"true\"><use href=\"#tf-ti-support\" xlink:href=\"#tf-ti-support\"><\/use><\/svg><\/em> \n <\/a> <h6>\u00a0<\/h6> <h4><img loading=\"lazy\" src=\"https:\/\/backstage360.eu\/wp-content\/uploads\/NEW-13.png\" alt=\"\" width=\"58\" height=\"25\" \/><\/h4> <h4><strong>Restauration et Re-Mastering<\/strong><\/h4>\n<a href=\"https:\/\/backstage360.eu\/index.php\/demo\/#VT360\"> <svg> <circle r=\"calc(50% - 1.00px)\" cx=\"50%\" cy=\"50%\" stroke-width=\"2\"\/> <circle r=\"calc(50% - 1.00px)\" cx=\"50%\" cy=\"50%\" stroke=\"#9090f9\" stroke-width=\"2\" data-progress=\"100\" stroke-dasharray=\"0,10000\"\/> <\/svg> <em style=\"color:#fc3311\"><svg xmlns:xlink=\"http:\/\/www.w3.org\/1999\/xlink\" aria-hidden=\"true\"><use href=\"#tf-fas-spinner\" xlink:href=\"#tf-fas-spinner\"><\/use><\/svg><\/em> \n <\/a> <h6>\u00a0<\/h6> <h4><img loading=\"lazy\" src=\"https:\/\/backstage360.eu\/wp-content\/uploads\/NEW-13.png\" alt=\"\" width=\"58\" height=\"25\" \/><\/h4> <h4><strong>Visite Virtuelle 360\u00b0 - Photogramm\u00e9trie<\/strong><\/h4>\n<a href=\"https:\/\/backstage360.eu\/index.php\/demo\/#Event-Conf\"> <svg> <circle r=\"calc(50% - 1.00px)\" cx=\"50%\" cy=\"50%\" stroke-width=\"2\"\/> <circle r=\"calc(50% - 1.00px)\" cx=\"50%\" cy=\"50%\" stroke=\"#9090f9\" stroke-width=\"2\" data-progress=\"100\" stroke-dasharray=\"0,10000\"\/> <\/svg> <em style=\"color:#fc3311\"><svg xmlns:xlink=\"http:\/\/www.w3.org\/1999\/xlink\" aria-hidden=\"true\"><use href=\"#tf-fas-video-camera\" xlink:href=\"#tf-fas-video-camera\"><\/use><\/svg><\/em> \n <\/a> <h6>\u00a0<\/h6> <h4>\u00a0<\/h4> <h4><strong>Conf\u00e9rences et \u00c9v\u00e8nementiels<\/strong><\/h4>\n<a href=\"https:\/\/backstage360.eu\/index.php\/demo\/#Digital_Signage\"> <svg> <circle r=\"calc(50% - 1.00px)\" cx=\"50%\" cy=\"50%\" stroke-width=\"2\"\/> <circle r=\"calc(50% - 1.00px)\" cx=\"50%\" cy=\"50%\" stroke=\"#9090f9\" stroke-width=\"2\" data-progress=\"100\" stroke-dasharray=\"0,10000\"\/> <\/svg> <em style=\"color:#fc3311\"><svg xmlns:xlink=\"http:\/\/www.w3.org\/1999\/xlink\" aria-hidden=\"true\"><use href=\"#tf-far-object-group\" xlink:href=\"#tf-far-object-group\"><\/use><\/svg><\/em> \n <\/a> <h6>\u00a0<\/h6> <h4>\u00a0<\/h4> <h4><strong>Motion Design et Digital Signage<\/strong><\/h4>\n<a href=\"https:\/\/backstage360.eu\/index.php\/demo\/#Digital_Signage\"> <svg> <circle r=\"calc(50% - 1.00px)\" cx=\"50%\" cy=\"50%\" stroke-width=\"2\"\/> <circle r=\"calc(50% - 1.00px)\" cx=\"50%\" cy=\"50%\" stroke=\"#9090f9\" stroke-width=\"2\" data-progress=\"100\" stroke-dasharray=\"0,10000\"\/> <\/svg> <em style=\"color:#fc3311\"><svg xmlns:xlink=\"http:\/\/www.w3.org\/1999\/xlink\" aria-hidden=\"true\"><use href=\"#tf-fas-bezier-curve\" xlink:href=\"#tf-fas-bezier-curve\"><\/use><\/svg><\/em> \n <\/a> <h6>\u00a0<\/h6> <h4>\u00a0<\/h4> <h4><strong>Drone Capture<\/strong><\/h4>\n<h3>Fournisseur de Services Digital 360\u00b0<\/h3>\n<p><strong>\u2192 Bruitage, colorisation et restauration.<\/strong><\/p> <p><strong>\u2192 Postproduction Audiovisuelle, Capture et publie LIVE vos \u00e9v\u00e8nements, <\/strong><\/p> <p><strong>\u2192 Visite Virtuelle 360\u00b0.<br \/><\/strong><\/p> <p><strong>Nous restons \u00e0 vos c\u00f4t\u00e9s, fournissant de bout en bout, un support technique \u00e0 360\u00b0 dans la r\u00e9alisation vos projets num\u00e9riques.<\/strong><\/p> <p>\u00a0<\/p> <p><strong>\u00a0<\/strong><\/p>\n\n<h3 style=\"text-align: left;\">\u00a0Zone d'activit\u00e9:<\/h3> <p>\u00a0France - Belgique - US<\/p> <hr \/> <h6 style=\"text-align: left;\">\u00a0Mise \u00e0 jour: 25-11-2025<\/h6>","_links":{"self":[{"href":"https:\/\/backstage360.eu\/index.php\/wp-json\/wp\/v2\/pages\/1615","targetHints":{"allow":["GET"]}}],"collection":[{"href":"https:\/\/backstage360.eu\/index.php\/wp-json\/wp\/v2\/pages"}],"about":[{"href":"https:\/\/backstage360.eu\/index.php\/wp-json\/wp\/v2\/types\/page"}],"author":[{"embeddable":true,"href":"https:\/\/backstage360.eu\/index.php\/wp-json\/wp\/v2\/users\/1"}],"replies":[{"embeddable":true,"href":"https:\/\/backstage360.eu\/index.php\/wp-json\/wp\/v2\/comments?post=1615"}],"version-history":[{"count":437,"href":"https:\/\/backstage360.eu\/index.php\/wp-json\/wp\/v2\/pages\/1615\/revisions"}],"predecessor-version":[{"id":3894,"href":"https:\/\/backstage360.eu\/index.php\/wp-json\/wp\/v2\/pages\/1615\/revisions\/3894"}],"wp:attachment":[{"href":"https:\/\/backstage360.eu\/index.php\/wp-json\/wp\/v2\/media?parent=1615"}],"curies":[{"name":"wp","href":"https:\/\/api.w.org\/{rel}","templated":true}]}}