{"id":1664,"date":"2019-05-16T22:03:20","date_gmt":"2019-05-16T20:03:20","guid":{"rendered":"http:\/\/backstage360.eu\/?page_id=1664"},"modified":"2020-05-12T19:55:56","modified_gmt":"2020-05-12T17:55:56","slug":"vie-privee","status":"publish","type":"page","link":"https:\/\/backstage360.eu\/index.php\/vie-privee\/","title":{"rendered":"Vie priv\u00e9e"},"content":{"rendered":"<!--themify_builder_content-->\n<div id=\"themify_builder_content-1664\" data-postid=\"1664\" class=\"themify_builder_content themify_builder_content-1664 themify_builder tf_clear\">\n                    <div  data-lazy=\"1\" class=\"module_row themify_builder_row tb_723b5b2 tb_first tf_w\">\n                        <div class=\"row_inner col_align_top tb_col_count_1 tf_box tf_rel\">\n                        <div  data-lazy=\"1\" class=\"module_column tb-column col-full tb_7e628c2 first\">\n                    <!-- module text -->\n<div  class=\"module module-text tb_3f42bc6  repeat \" data-lazy=\"1\">\n    <h3 class=\"module-title\">Politique de confidentialit\u00e9 <\/h3>    <div  class=\"tb_text_wrap\">\n        <h4>Sur ce site, nous ne collectons aucune donn\u00e9e ni l\u2019adresse IP du visiteur ni le navigateur de utilisateur pour aider \u00e0 la d\u00e9tection de spam.<\/h4>\n<p>Une cha\u00eene anonyme cr\u00e9\u00e9e \u00e0 partir de votre adresse email (\u00e9galement appel\u00e9 un hachage) peut \u00eatre fournie au service Gravatar pour voir si vous l\u2019utilisez. La politique de confidentialit\u00e9 du service Gravatar est disponible ici\u00a0: https:\/\/automattic.com\/privacy\/. Apr\u00e8s approbation de votre commentaire, votre photo de profil est visible au public dans le cadre de votre commentaire.<\/p>\n<h3>Formulaires de contact<\/h3>\n<p>Utilisez le formulaire dans la barre de menus.<\/p>\n<h3>Cookies<\/h3>\n<p>Il n\u2019y a pas de cookies utilis\u00e9s dans ce site web.<\/p>\n<h3>Contenu incorpor\u00e9 d\u2019autres sites Web<\/h3>\n<p>Ce site peut inclure du contenu incorpor\u00e9 (vid\u00e9os, images, audio, etc..). Contenu incorpor\u00e9 provenant d\u2019autres sites se comporte exactement la m\u00eame mani\u00e8re que si le visiteur \u00e0 visit\u00e9 l\u2019autre site Web.<\/p>\n<p>Ces sites peuvent collecter des donn\u00e9es vous concernant, utilisent des cookies, incorporez le tiers suppl\u00e9mentaires de suivi et surveiller votre interaction avec ce contenu int\u00e9gr\u00e9, y compris le suivi de votre interaction avec le contenu incorpor\u00e9 si vous avez un compte et qui sont connect\u00e9s site internet.<\/p>\n<h3>Analytique<\/h3>\n<p>Notre fournisseur d\u2019h\u00e9bergement Web utilise un outil appel\u00e9 \u00ab\u00a0Google Analytique\u00a0\u00bb pour recueillir des informations sur l\u2019utilisation de ce site. Google Analytique recueille des informations telles que la fr\u00e9quence dont les utilisateurs visitent ce site, les pages qu\u2019ils visitent lorsqu\u2019ils le font, et quels autres sites utilis\u00e9s avant l\u2019entr\u00e9e \u00e0 ce site. Nous utilisons les informations que nous recevons de Google Analytique pour am\u00e9liorer ce site. Google Analytique collecte uniquement l\u2019adresse IP qui vous est assign\u00e9s, la date de votre visite sur ce site, plut\u00f4t que votre nom ou autres informations d\u2019identification. Nous ne combinons pas les renseignements recueillis par le biais de Google Analytique avec des informations personnellement identifiables. Bien que Google Analytique utilise un cookie permanent sur votre navigateur web pour vous identifier comme un utilisateur unique, la prochaine fois que vous visitez ce site, ce cookie ne peut servir de personne d\u2019autre que Google. Google \u00e0 utilise et partage les informations recueillies par Google Analytique concernant vos visites sur ce site est restreint par les Google Analytique les conditions d\u2019utilisation et la politique de confidentialit\u00e9 de Google. Vous pouvez emp\u00eacher Google Analytique de vous reconna\u00eetre sur les visites \u00e0 ce site en d\u00e9sactivant les cookies dans votre navigateur.<\/p>\n<p>http:\/\/www.google.com\/analytics\/tos.html<br \/>http:\/\/www.google.com\/privacypolicy.html<\/p>\n<h2>Avec qui partageons nous vos donn\u00e9es\u00a0?<\/h2>\n<p>Il n\u2019y a aucun partage de donn\u00e9es, nous ne collectons pas d\u2019informations.<\/p>\n<h2>Quels droits vous disposez sur vos donn\u00e9es<\/h2>\n<p>Si vous avez un compte sur ce site, ou avez laiss\u00e9 des commentaires, vous pouvez demander \u00e0 recevoir un fichier export\u00e9 de vos donn\u00e9es personnelles que nous d\u00e9tenons sur vous, y compris les donn\u00e9es que vous nous avez fournies. Vous pouvez \u00e9galement demander que soit effacer toutes les donn\u00e9es personnelles que nous d\u00e9tenons sur vous. Cela n\u2019inclut pas toutes les donn\u00e9es que nous sommes oblig\u00e9s de garder pour les administratifs, juridiques, ou des raisons de s\u00e9curit\u00e9.<\/p>\n<h2>Plus d\u2019informations<\/h2>\n<h3>Comment prot\u00e9geons-nous vos donn\u00e9es\u00a0?<\/h3>\n<h3>Quelles proc\u00e9dures contre la violation des donn\u00e9es avons-nous mis en place\u00a0?<\/h3>\n<h3>De quels tiers que nous recevons des donn\u00e9es\u00a0?<\/h3>\n<h3>\u00a0Automatisation et\/ou de profilage des donn\u00e9es utilisateur\u00a0?<\/h3>\n<h3>\u00a0Obligations d\u2019information r\u00e9glementaire de l\u2019industrie<\/h3>    <\/div>\n<\/div>\n<!-- \/module text -->        <\/div>\n                        <\/div>\n        <\/div>\n        <\/div>\n<!--\/themify_builder_content-->","protected":false},"excerpt":{"rendered":"<p>Politique de confidentialit\u00e9 Sur ce site, nous ne collectons aucune donn\u00e9e ni l\u2019adresse IP du visiteur ni le navigateur de utilisateur pour aider \u00e0 la d\u00e9tection de spam. Une cha\u00eene anonyme cr\u00e9\u00e9e \u00e0 partir de votre adresse email (\u00e9galement appel\u00e9 un hachage) peut \u00eatre fournie au service Gravatar pour voir si vous l\u2019utilisez. La politique [&hellip;]<\/p>\n","protected":false},"author":1,"featured_media":0,"parent":0,"menu_order":0,"comment_status":"closed","ping_status":"closed","template":"","meta":{"footnotes":""},"class_list":["post-1664","page","type-page","status-publish","hentry","has-post-title","has-post-date","has-post-category","has-post-tag","has-post-comment","has-post-author",""],"aioseo_notices":[],"builder_content":"<h3>Politique de confidentialit\u00e9 <\/h3> <h4>Sur ce site, nous ne collectons aucune donn\u00e9e ni l\u2019adresse IP du visiteur ni le navigateur de utilisateur pour aider \u00e0 la d\u00e9tection de spam.<\/h4> <p>Une cha\u00eene anonyme cr\u00e9\u00e9e \u00e0 partir de votre adresse email (\u00e9galement appel\u00e9 un hachage) peut \u00eatre fournie au service Gravatar pour voir si vous l\u2019utilisez. La politique de confidentialit\u00e9 du service Gravatar est disponible ici\u00a0: https:\/\/automattic.com\/privacy\/. Apr\u00e8s approbation de votre commentaire, votre photo de profil est visible au public dans le cadre de votre commentaire.<\/p> <h3>Formulaires de contact<\/h3> <p>Utilisez le formulaire dans la barre de menus.<\/p> <h3>Cookies<\/h3> <p>Il n\u2019y a pas de cookies utilis\u00e9s dans ce site web.<\/p> <h3>Contenu incorpor\u00e9 d\u2019autres sites Web<\/h3> <p>Ce site peut inclure du contenu incorpor\u00e9 (vid\u00e9os, images, audio, etc..). Contenu incorpor\u00e9 provenant d\u2019autres sites se comporte exactement la m\u00eame mani\u00e8re que si le visiteur \u00e0 visit\u00e9 l\u2019autre site Web.<\/p> <p>Ces sites peuvent collecter des donn\u00e9es vous concernant, utilisent des cookies, incorporez le tiers suppl\u00e9mentaires de suivi et surveiller votre interaction avec ce contenu int\u00e9gr\u00e9, y compris le suivi de votre interaction avec le contenu incorpor\u00e9 si vous avez un compte et qui sont connect\u00e9s site internet.<\/p> <h3>Analytique<\/h3> <p>Notre fournisseur d\u2019h\u00e9bergement Web utilise un outil appel\u00e9 \u00ab\u00a0Google Analytique\u00a0\u00bb pour recueillir des informations sur l\u2019utilisation de ce site. Google Analytique recueille des informations telles que la fr\u00e9quence dont les utilisateurs visitent ce site, les pages qu\u2019ils visitent lorsqu\u2019ils le font, et quels autres sites utilis\u00e9s avant l\u2019entr\u00e9e \u00e0 ce site. Nous utilisons les informations que nous recevons de Google Analytique pour am\u00e9liorer ce site. Google Analytique collecte uniquement l\u2019adresse IP qui vous est assign\u00e9s, la date de votre visite sur ce site, plut\u00f4t que votre nom ou autres informations d\u2019identification. Nous ne combinons pas les renseignements recueillis par le biais de Google Analytique avec des informations personnellement identifiables. Bien que Google Analytique utilise un cookie permanent sur votre navigateur web pour vous identifier comme un utilisateur unique, la prochaine fois que vous visitez ce site, ce cookie ne peut servir de personne d\u2019autre que Google. Google \u00e0 utilise et partage les informations recueillies par Google Analytique concernant vos visites sur ce site est restreint par les Google Analytique les conditions d\u2019utilisation et la politique de confidentialit\u00e9 de Google. Vous pouvez emp\u00eacher Google Analytique de vous reconna\u00eetre sur les visites \u00e0 ce site en d\u00e9sactivant les cookies dans votre navigateur.<\/p> <p>http:\/\/www.google.com\/analytics\/tos.html<br \/>http:\/\/www.google.com\/privacypolicy.html<\/p> <h2>Avec qui partageons nous vos donn\u00e9es\u00a0?<\/h2> <p>Il n\u2019y a aucun partage de donn\u00e9es, nous ne collectons pas d\u2019informations.<\/p> <h2>Quels droits vous disposez sur vos donn\u00e9es<\/h2> <p>Si vous avez un compte sur ce site, ou avez laiss\u00e9 des commentaires, vous pouvez demander \u00e0 recevoir un fichier export\u00e9 de vos donn\u00e9es personnelles que nous d\u00e9tenons sur vous, y compris les donn\u00e9es que vous nous avez fournies. Vous pouvez \u00e9galement demander que soit effacer toutes les donn\u00e9es personnelles que nous d\u00e9tenons sur vous. Cela n\u2019inclut pas toutes les donn\u00e9es que nous sommes oblig\u00e9s de garder pour les administratifs, juridiques, ou des raisons de s\u00e9curit\u00e9.<\/p> <h2>Plus d\u2019informations<\/h2> <h3>Comment prot\u00e9geons-nous vos donn\u00e9es\u00a0?<\/h3> <h3>Quelles proc\u00e9dures contre la violation des donn\u00e9es avons-nous mis en place\u00a0?<\/h3> <h3>De quels tiers que nous recevons des donn\u00e9es\u00a0?<\/h3> <h3>\u00a0Automatisation et\/ou de profilage des donn\u00e9es utilisateur\u00a0?<\/h3> <h3>\u00a0Obligations d\u2019information r\u00e9glementaire de l\u2019industrie<\/h3>","_links":{"self":[{"href":"https:\/\/backstage360.eu\/index.php\/wp-json\/wp\/v2\/pages\/1664","targetHints":{"allow":["GET"]}}],"collection":[{"href":"https:\/\/backstage360.eu\/index.php\/wp-json\/wp\/v2\/pages"}],"about":[{"href":"https:\/\/backstage360.eu\/index.php\/wp-json\/wp\/v2\/types\/page"}],"author":[{"embeddable":true,"href":"https:\/\/backstage360.eu\/index.php\/wp-json\/wp\/v2\/users\/1"}],"replies":[{"embeddable":true,"href":"https:\/\/backstage360.eu\/index.php\/wp-json\/wp\/v2\/comments?post=1664"}],"version-history":[{"count":22,"href":"https:\/\/backstage360.eu\/index.php\/wp-json\/wp\/v2\/pages\/1664\/revisions"}],"predecessor-version":[{"id":2621,"href":"https:\/\/backstage360.eu\/index.php\/wp-json\/wp\/v2\/pages\/1664\/revisions\/2621"}],"wp:attachment":[{"href":"https:\/\/backstage360.eu\/index.php\/wp-json\/wp\/v2\/media?parent=1664"}],"curies":[{"name":"wp","href":"https:\/\/api.w.org\/{rel}","templated":true}]}}